{"id":698,"date":"2024-03-06T11:38:07","date_gmt":"2024-03-06T11:38:07","guid":{"rendered":"http:\/\/edgnconsultants.com\/privacy-policy\/"},"modified":"2024-03-11T00:16:20","modified_gmt":"2024-03-11T00:16:20","slug":"privacy-policy","status":"publish","type":"page","link":"https:\/\/edgnconsultants.com\/en\/privacy-policy\/","title":{"rendered":"Privacy policy"},"content":{"rendered":"<p>[et_pb_section fb_built=&#8221;1&#8243; _builder_version=&#8221;4.20.2&#8243; _module_preset=&#8221;default&#8221; global_colors_info=&#8221;{}&#8221;][et_pb_row _builder_version=&#8221;4.20.2&#8243; _module_preset=&#8221;default&#8221; custom_margin=&#8221;19px|auto||auto||&#8221; global_colors_info=&#8221;{}&#8221;][et_pb_column type=&#8221;4_4&#8243; _builder_version=&#8221;4.20.2&#8243; _module_preset=&#8221;default&#8221; global_colors_info=&#8221;{}&#8221;][et_pb_text _builder_version=&#8221;4.24.2&#8243; text_font=&#8221;||||||||&#8221; text_font_size=&#8221;16px&#8221; text_line_height=&#8221;1.8em&#8221; header_font=&#8221;Poppins||||||||&#8221; header_2_font=&#8221;Poppins||||||||&#8221; header_2_font_size=&#8221;36px&#8221; header_2_line_height=&#8221;1.4em&#8221; header_3_font=&#8221;||||||||&#8221; module_alignment=&#8221;center&#8221; custom_padding=&#8221;15px|||||&#8221; hover_enabled=&#8221;0&#8243; global_colors_info=&#8221;{}&#8221; sticky_enabled=&#8221;0&#8243; custom_padding_last_edited=&#8221;on|phone&#8221; custom_padding_phone=&#8221;0px||||false|false&#8221; custom_padding_tablet=&#8221;15px|||||&#8221;]<\/p>\n<h1 style=\"text-align: center;\">Privacy policy<\/h1>\n<p>[\/et_pb_text][\/et_pb_column][\/et_pb_row][et_pb_row _builder_version=&#8221;4.24.2&#8243; _module_preset=&#8221;default&#8221; global_colors_info=&#8221;{}&#8221;][et_pb_column type=&#8221;4_4&#8243; _builder_version=&#8221;4.24.2&#8243; _module_preset=&#8221;default&#8221; global_colors_info=&#8221;{}&#8221;][et_pb_text _builder_version=&#8221;4.24.2&#8243; _module_preset=&#8221;default&#8221; header_2_font=&#8221;Poppins||||||||&#8221; header_2_font_size=&#8221;21px&#8221; global_colors_info=&#8221;{}&#8221;]<\/p>\n<h2>Introduction<\/h2>\n<p>With the development of new communication tools, it is necessary to pay particular attention to the protection of privacy. That is why we are committed to respecting the confidentiality of the personal information we collect.<br \/>________________________________________<\/p>\n<h2>Collection of personal information<\/h2>\n<p>We collect the following information:<br \/>&#8211; Name<br \/>&#8211; First name<br \/>&#8211; E-mail address<br \/>The personal information we collect is taken through forms and, thanks to the interactivity, established between you and our Web site. We also use, as described in the next section, cookies and\/or logs to gather information about you.<br \/>________________________________________<\/p>\n<h2>Forms and interactivity:<\/h2>\n<p>Your personal information is collected through forms, namely :<br \/>&#8211; Website registration form<br \/>&#8211; Order form<br \/>&#8211; Opinion poll<br \/>&#8211; Contest<\/p>\n<h2>We use the information collected for the following purposes:<\/h2>\n<p>&#8211; Order tracking<br \/>&#8211; Information \/ Promotional offers<br \/>&#8211; Statistics<br \/>&#8211; Contact<br \/>Your information is also collected through the interactivity that may occur between you and our website in the following ways:<br \/>&#8211; Statistics<br \/>&#8211; Contact<br \/>We use the information collected for the following purposes:<br \/>&#8211; Forum or blogs<br \/>&#8211; Comments<br \/>&#8211; Correspondence<br \/>&#8211; Information or promotional offers<br \/>________________________________________<\/p>\n<h2>Right of opposition and withdrawal<\/h2>\n<p>We are committed to offering you the right to object to and withdraw your personal information.<br \/>The right to object is the possibility offered to Internet users to refuse that their personal information be used for certain purposes mentioned at the time of collection.<br \/>The right to withdraw is the possibility offered to Internet users to request that their personal information no longer appears, for example, in a mailing list.<br \/>To exercise these rights, you may:<br \/>By mail: 1155 Ren\u00e9-L\u00e9vesque W. Suite 2500, Montr\u00e9al, Quebec, H3B 2K4<br \/><a href=\"http:\/\/edgnconsultants.com\/contact-fr\/\">Contact<\/a><br \/>Phone : +1 (514) 448-4388 suite 100<br \/>Website section: http:\/\/edgnconsultant.com<br \/>________________________________________<\/p>\n<h2>Right of access<\/h2>\n<p>We commit ourselves to recognizing a right of access and rectification to the persons concerned wishing to consult, modify or even cancel the information concerning them.<br \/>The exercise of this right will be done :<br \/>By mail: 1155 Ren\u00e9-L\u00e9vesque W. Suite 2500, Montr\u00e9al, Quebec, H3B 2K4<br \/><a href=\"http:\/\/edgnconsultants.com\/contact-fr\/\">Contact<\/a><br \/>Phone : +1 (514) 448-4388 suite 100<br \/>Website section: http:\/\/edgnconsultants.com<br \/>________________________________________<\/p>\n<h2>Security<\/h2>\n<p>The personal information which EDGN collect is kept in a secure environment. The people working for us are bound to respect the confidentiality of your information.<br \/>To ensure the security of your personal information, we use the following measures:<br \/>&#8211; SSL (Secure Sockets Layer) protocol<br \/>&#8211; Access management &#8211; authorized person<br \/>Access management \u2013 affected person<br \/>&#8211; Network monitoring software<br \/>&#8211; Computer backup<br \/>&#8211; User ID \/ password<br \/>&#8211; Firewalls<br \/>We are committed to maintaining a high degree of confidentiality by incorporating the latest technological innovations to ensure the privacy of your transactions. However, since no mechanism offers maximum security, there is always a degree of risk involved when using the Internet to transmit personal information.<\/p>\n<p>[\/et_pb_text][\/et_pb_column][\/et_pb_row][\/et_pb_section]<\/p>\n","protected":false},"excerpt":{"rendered":"<p>Privacy policyIntroduction With the development of new communication tools, it is necessary to pay particular attention to the protection of privacy. That is why we are committed to respecting the confidentiality of the personal information we collect.________________________________________ Collection of personal information We collect the following information:- Name- First name- E-mail addressThe personal information we collect [&hellip;]<\/p>\n","protected":false},"author":1,"featured_media":0,"parent":0,"menu_order":0,"comment_status":"closed","ping_status":"closed","template":"","meta":{"_et_pb_use_builder":"on","_et_pb_old_content":"","_et_gb_content_width":"","_crdt_document":"","footnotes":""},"class_list":["post-698","page","type-page","status-publish","hentry"],"yoast_head":"<!-- This site is optimized with the Yoast SEO plugin v27.3 - https:\/\/yoast.com\/product\/yoast-seo-wordpress\/ -->\n<title>Privacy policy - EDGN Consultants<\/title>\n<meta name=\"robots\" content=\"index, follow, max-snippet:-1, max-image-preview:large, max-video-preview:-1\" \/>\n<link rel=\"canonical\" href=\"https:\/\/edgnconsultants.com\/en\/privacy-policy\/\" \/>\n<meta property=\"og:locale\" content=\"en_US\" \/>\n<meta property=\"og:type\" content=\"article\" \/>\n<meta property=\"og:title\" content=\"Privacy policy - EDGN Consultants\" \/>\n<meta property=\"og:description\" content=\"Privacy policyIntroduction With the development of new communication tools, it is necessary to pay particular attention to the protection of privacy. That is why we are committed to respecting the confidentiality of the personal information we collect.________________________________________ Collection of personal information We collect the following information:- Name- First name- E-mail addressThe personal information we collect [&hellip;]\" \/>\n<meta property=\"og:url\" content=\"https:\/\/edgnconsultants.com\/en\/privacy-policy\/\" \/>\n<meta property=\"og:site_name\" content=\"EDGN Consultants\" \/>\n<meta property=\"article:modified_time\" content=\"2024-03-11T00:16:20+00:00\" \/>\n<meta name=\"twitter:card\" content=\"summary_large_image\" \/>\n<meta name=\"twitter:label1\" content=\"Est. reading time\" \/>\n\t<meta name=\"twitter:data1\" content=\"3 minutes\" \/>\n<script type=\"application\/ld+json\" class=\"yoast-schema-graph\">{\"@context\":\"https:\\\/\\\/schema.org\",\"@graph\":[{\"@type\":\"WebPage\",\"@id\":\"https:\\\/\\\/edgnconsultants.com\\\/en\\\/privacy-policy\\\/\",\"url\":\"https:\\\/\\\/edgnconsultants.com\\\/en\\\/privacy-policy\\\/\",\"name\":\"Privacy policy - EDGN Consultants\",\"isPartOf\":{\"@id\":\"https:\\\/\\\/edgnconsultants.com\\\/en\\\/#website\"},\"datePublished\":\"2024-03-06T11:38:07+00:00\",\"dateModified\":\"2024-03-11T00:16:20+00:00\",\"breadcrumb\":{\"@id\":\"https:\\\/\\\/edgnconsultants.com\\\/en\\\/privacy-policy\\\/#breadcrumb\"},\"inLanguage\":\"en-US\",\"potentialAction\":[{\"@type\":\"ReadAction\",\"target\":[\"https:\\\/\\\/edgnconsultants.com\\\/en\\\/privacy-policy\\\/\"]}]},{\"@type\":\"BreadcrumbList\",\"@id\":\"https:\\\/\\\/edgnconsultants.com\\\/en\\\/privacy-policy\\\/#breadcrumb\",\"itemListElement\":[{\"@type\":\"ListItem\",\"position\":1,\"name\":\"Accueil\",\"item\":\"https:\\\/\\\/edgnconsultants.com\\\/en\\\/\"},{\"@type\":\"ListItem\",\"position\":2,\"name\":\"Privacy policy\"}]},{\"@type\":\"WebSite\",\"@id\":\"https:\\\/\\\/edgnconsultants.com\\\/en\\\/#website\",\"url\":\"https:\\\/\\\/edgnconsultants.com\\\/en\\\/\",\"name\":\"EDGN Consultants\",\"description\":\"Nous vous accompagnons vers votre succ\u00e8s !\",\"potentialAction\":[{\"@type\":\"SearchAction\",\"target\":{\"@type\":\"EntryPoint\",\"urlTemplate\":\"https:\\\/\\\/edgnconsultants.com\\\/en\\\/?s={search_term_string}\"},\"query-input\":{\"@type\":\"PropertyValueSpecification\",\"valueRequired\":true,\"valueName\":\"search_term_string\"}}],\"inLanguage\":\"en-US\"}]}<\/script>\n<!-- \/ Yoast SEO plugin. -->","yoast_head_json":{"title":"Privacy policy - EDGN Consultants","robots":{"index":"index","follow":"follow","max-snippet":"max-snippet:-1","max-image-preview":"max-image-preview:large","max-video-preview":"max-video-preview:-1"},"canonical":"https:\/\/edgnconsultants.com\/en\/privacy-policy\/","og_locale":"en_US","og_type":"article","og_title":"Privacy policy - EDGN Consultants","og_description":"Privacy policyIntroduction With the development of new communication tools, it is necessary to pay particular attention to the protection of privacy. That is why we are committed to respecting the confidentiality of the personal information we collect.________________________________________ Collection of personal information We collect the following information:- Name- First name- E-mail addressThe personal information we collect [&hellip;]","og_url":"https:\/\/edgnconsultants.com\/en\/privacy-policy\/","og_site_name":"EDGN Consultants","article_modified_time":"2024-03-11T00:16:20+00:00","twitter_card":"summary_large_image","twitter_misc":{"Est. reading time":"3 minutes"},"schema":{"@context":"https:\/\/schema.org","@graph":[{"@type":"WebPage","@id":"https:\/\/edgnconsultants.com\/en\/privacy-policy\/","url":"https:\/\/edgnconsultants.com\/en\/privacy-policy\/","name":"Privacy policy - EDGN Consultants","isPartOf":{"@id":"https:\/\/edgnconsultants.com\/en\/#website"},"datePublished":"2024-03-06T11:38:07+00:00","dateModified":"2024-03-11T00:16:20+00:00","breadcrumb":{"@id":"https:\/\/edgnconsultants.com\/en\/privacy-policy\/#breadcrumb"},"inLanguage":"en-US","potentialAction":[{"@type":"ReadAction","target":["https:\/\/edgnconsultants.com\/en\/privacy-policy\/"]}]},{"@type":"BreadcrumbList","@id":"https:\/\/edgnconsultants.com\/en\/privacy-policy\/#breadcrumb","itemListElement":[{"@type":"ListItem","position":1,"name":"Accueil","item":"https:\/\/edgnconsultants.com\/en\/"},{"@type":"ListItem","position":2,"name":"Privacy policy"}]},{"@type":"WebSite","@id":"https:\/\/edgnconsultants.com\/en\/#website","url":"https:\/\/edgnconsultants.com\/en\/","name":"EDGN Consultants","description":"Nous vous accompagnons vers votre succ\u00e8s !","potentialAction":[{"@type":"SearchAction","target":{"@type":"EntryPoint","urlTemplate":"https:\/\/edgnconsultants.com\/en\/?s={search_term_string}"},"query-input":{"@type":"PropertyValueSpecification","valueRequired":true,"valueName":"search_term_string"}}],"inLanguage":"en-US"}]}},"_links":{"self":[{"href":"https:\/\/edgnconsultants.com\/en\/wp-json\/wp\/v2\/pages\/698","targetHints":{"allow":["GET"]}}],"collection":[{"href":"https:\/\/edgnconsultants.com\/en\/wp-json\/wp\/v2\/pages"}],"about":[{"href":"https:\/\/edgnconsultants.com\/en\/wp-json\/wp\/v2\/types\/page"}],"author":[{"embeddable":true,"href":"https:\/\/edgnconsultants.com\/en\/wp-json\/wp\/v2\/users\/1"}],"replies":[{"embeddable":true,"href":"https:\/\/edgnconsultants.com\/en\/wp-json\/wp\/v2\/comments?post=698"}],"version-history":[{"count":2,"href":"https:\/\/edgnconsultants.com\/en\/wp-json\/wp\/v2\/pages\/698\/revisions"}],"predecessor-version":[{"id":700,"href":"https:\/\/edgnconsultants.com\/en\/wp-json\/wp\/v2\/pages\/698\/revisions\/700"}],"wp:attachment":[{"href":"https:\/\/edgnconsultants.com\/en\/wp-json\/wp\/v2\/media?parent=698"}],"curies":[{"name":"wp","href":"https:\/\/api.w.org\/{rel}","templated":true}]}}